{"id":6527,"date":"2013-05-31T08:44:43","date_gmt":"2013-05-31T08:44:43","guid":{"rendered":"http:\/\/us-themes.com\/wp\/Vittoria\/?page_id=2"},"modified":"2021-12-31T22:54:26","modified_gmt":"2021-12-31T22:54:26","slug":"sample-page-2","status":"publish","type":"page","link":"https:\/\/www.delomid-sport.com\/tr\/","title":{"rendered":"Anasayfa"},"content":{"rendered":"<div class=\"l-submain wpb_row\"><div class=\"l-submain-h g-html i-cf\"><\/div><\/div><div class=\"l-submain wpb_row color_alternate\"><div class=\"l-submain-h g-html i-cf\"><div class=\"g-cols offset_default wpb_row vc_custom_1429733032588\"><div class=\"full-width animate_afc d2\">\n\t<div class=\"wpb_text_column \">\n\t\t<div class=\"wpb_wrapper\">\n\t\t\t\n<h4 style=\"text-align: center; color: #333; margin-bottom: 5px;\"><strong>Delomid Spor Ajans\u0131<\/strong> sporcunun kariyerini hem sportif alanda hem de spor d\u0131\u015f\u0131 alanda y\u00f6netir.<\/h4>\n<h4 style=\"text-align: center; color: #333; margin-top: 0px; margin-bottom: 0; padding-top: 5px; padding-bottom: 0;\">Yetene\u011fe adanm\u0131\u015f uzman hizmetler yelpazesi sunuyoruz !<\/h4>\n\n\t\t<\/div> \n\t<\/div> <\/div><\/div><\/div><\/div><div class=\"l-submain wpb_row\"><div class=\"l-submain-h g-html i-cf\"><!-- Row Backgrounds --><div class=\"upb_grad\" data-grad=\"background: -webkit-gradient(linear, left top, left bottom, color-stop(0%, #E3E3E3), color-stop(0%, #E3E3E3), color-stop(0%, #FFFFFF), color-stop(56%, #FFFCFF), color-stop(100%, #EBEBEB));background: -moz-linear-gradient(top,#E3E3E3 0%,#E3E3E3 0%,#FFFFFF 0%,#FFFCFF 56%,#EBEBEB 100%);background: -webkit-linear-gradient(top,#E3E3E3 0%,#E3E3E3 0%,#FFFFFF 0%,#FFFCFF 56%,#EBEBEB 100%);background: -o-linear-gradient(top,#E3E3E3 0%,#E3E3E3 0%,#FFFFFF 0%,#FFFCFF 56%,#EBEBEB 100%);background: -ms-linear-gradient(top,#E3E3E3 0%,#E3E3E3 0%,#FFFFFF 0%,#FFFCFF 56%,#EBEBEB 100%);background: linear-gradient(top,#E3E3E3 0%,#E3E3E3 0%,#FFFFFF 0%,#FFFCFF 56%,#EBEBEB 100%);\" data-bg-override=\"full\" data-upb-overlay-color=\"\" data-upb-bg-animation=\"\" data-fadeout=\"\" data-fadeout-percentage=\"30\" data-parallax-content=\"\" data-parallax-content-sense=\"30\" data-row-effect-mobile-disable=\"true\" data-img-parallax-mobile-disable=\"true\" data-rtl=\"false\"  data-custom-vc-row=\"\"  data-vc=\"4.4.2\"  data-theme-support=\"\"   data-overlay=\"false\" data-overlay-color=\"\" data-overlay-pattern=\"\" data-overlay-pattern-opacity=\"\" data-overlay-pattern-size=\"\"    ><\/div><\/div><\/div><div class=\"l-submain wpb_row color_primary\"><div class=\"l-submain-img\" style=\"background-image: url(https:\/\/www.delomid-sport.com\/wp-content\/uploads\/2015\/02\/Soccer-Field-Night.jpg);\"><\/div><div class=\"l-submain-overlay black_60\"><\/div><div class=\"l-submain-h g-html i-cf\"><div class=\"g-cols offset_default wpb_row vc_custom_1477954253148\"><div class=\"one-half animate_aft d1\">\n\t<div class=\"wpb_text_column  vc_custom_1568660086776\">\n\t\t<div class=\"wpb_wrapper\">\n\t\t\t\n<h1 style=\"text-align: center;\">Delomid Spor Ajansi<\/h1>\n<div class=\"g-hr size_small\">\n\t\t\t\t\t\t<span class=\"g-hr-h\">\n\t\t\t\t\t\t\t<i class=\"fa fa-star\"><\/i>\n\t\t\t\t\t\t<\/span>\n\t\t\t\t\t<\/div>\n<h3 style=\"text-align: center;\">Yetene\u011finiz, uzmanl\u0131\u011f\u0131m\u0131z<\/h3>\n\n\t\t<\/div> \n\t<\/div> <\/div><div class=\"one-half animate_afb d1\">\n\t<div class=\"wpb_text_column  vc_custom_1568660131783\">\n\t\t<div class=\"wpb_wrapper\">\n\t\t\t\n<h5>Y\u00fcksek d\u00fczey bir profesyonel oyuncu kariyeri boyunca her t\u00fcrl\u00fc zorluklara kar\u015f\u0131 kar\u015f\u0131ya kalmaktad\u0131r. Ajans\u0131m\u0131z\u0131n uzmanlar\u0131 ba\u015far\u0131s\u0131nda e\u015flik etmek ve onu desteklemek i\u00e7in yan\u0131nda olacakt\u0131r.<\/h5>\n<h6>Delomid Spor Ajans\u0131\u2019n\u0131n de\u011ferleri: B\u00fct\u00fcnl\u00fck, tak\u0131m ruhu, sayg\u0131 ve azim.<\/h6>\n\n\t\t<\/div> \n\t<\/div> <\/div><\/div><\/div><\/div><div class=\"l-submain wpb_row\"><div class=\"l-submain-h g-html i-cf\"><!-- Row Backgrounds --><div class=\"upb_no_bg\" data-fadeout=\"\" data-fadeout-percentage=\"30\" data-parallax-content=\"\" data-parallax-content-sense=\"30\" data-row-effect-mobile-disable=\"true\" data-img-parallax-mobile-disable=\"true\" data-rtl=\"false\"  data-custom-vc-row=\"\"  data-vc=\"4.4.2\"  data-theme-support=\"\"    ><\/div><div class=\"g-cols offset_default wpb_row\"><div class=\"full-width animate_aft d1\"><div class=\"g-hr type_invisible size_small\">\n\t\t\t\t\t\t<span class=\"g-hr-h\">\n\t\t\t\t\t\t\t<i class=\"fa fa-star\"><\/i>\n\t\t\t\t\t\t<\/span>\n\t\t\t\t\t<\/div>\n\t<div class=\"wpb_text_column \">\n\t\t<div class=\"wpb_wrapper\">\n\t\t\t\n<h2 style=\"text-align: center;\">Taahh\u00fct ediyoruz<\/h2>\n<p style=\"text-align: center;\"><span class=\"w-icon color_text size_small\">\n\t\t\t\t\t\t<span class=\"w-icon-link\">\n\t\t\t\t\t\t\t<i class=\"fa fa-chevron-down\"><\/i>\n\t\t\t\t\t\t<\/span>\n\t\t\t\t\t<\/span>\n\n\t\t<\/div> \n\t<\/div> \n\t<div class=\"wpb_text_column \">\n\t\t<div class=\"wpb_wrapper\">\n\t\t\t\n<div style=\"font-size: 13px; color: #333;\">Delomid Spor Ajans\u0131 yeteneklerinin yerle\u015ftirilmesini ve transfer edilmesini sa\u011flar. Oyuncular\u0131m\u0131z\u0131 geli\u015fmelerinde destekliyor ve anl\u0131yoruz ve ba\u015far\u0131 hedeflerine ula\u015fmalar\u0131na yard\u0131mc\u0131 oluyoruz. <div class=\"g-hr size_small\">\n\t\t\t\t\t\t<span class=\"g-hr-h\">\n\t\t\t\t\t\t\t<i class=\"fa fa-star\"><\/i>\n\t\t\t\t\t\t<\/span>\n\t\t\t\t\t<\/div> Her yetenek benzersiz oldu\u011fundan, ajans her oyuncunun kariyerine g\u00f6re ki\u015fiselle\u015ftirilmi\u015f takip ve ko\u00e7luk sunar. Nitelikleri, motivasyonu, b\u00fct\u00fcn ki\u015fili\u011fi dikkate al\u0131n\u0131r. Ayr\u0131ca her oyuncunun sezon \u00f6ncesi ve sonras\u0131 haz\u0131rl\u0131klar\u0131n\u0131 da takip ediyoruz. Bunlar, en uygun altyap\u0131daki e\u011fitimi \u00fcstlenen uzmanlar. Antrenmanlar en uygun altyap\u0131da, y\u00fcksek nitelikli uzmanlar\u0131m\u0131z taraf\u0131ndan ele al\u0131nmaktad\u0131r. <div class=\"g-hr size_small\">\n\t\t\t\t\t\t<span class=\"g-hr-h\">\n\t\t\t\t\t\t\t<i class=\"fa fa-star\"><\/i>\n\t\t\t\t\t\t<\/span>\n\t\t\t\t\t<\/div> Profesyonel oyuncular\u0131m\u0131z, refahlar\u0131n\u0131 ve yeteneklerini optimize etmek i\u00e7in uzman psikologlar\u0131n hizmetlerinden de yararlan\u0131rlar. Ekibimiz yeteneklerinin medyadaki maruziyetlerini kendi \u00e7\u0131karlar\u0131 do\u011frultusunda y\u00f6neterek imajlar\u0131n\u0131n tan\u0131t\u0131m\u0131n\u0131 sa\u011flamaktad\u0131r. Bu do\u011frultuda amac\u0131m\u0131z, profesyonel sporcular\u0131m\u0131z\u0131, yetenekleri ve insan nitelikleri bak\u0131m\u0131ndan tan\u0131tmakt\u0131r. Kamusal ili\u015fkiler a\u00e7\u0131s\u0131ndan, oyuncular\u0131n yeti\u015fti\u011fi kul\u00fcplerle ba\u011flant\u0131 kurar\u0131z.<br \/>\nUygun desteklerle, y\u00f6neticilere ve antren\u00f6rlere ve oyuncunun geli\u015fimi ile alakal\u0131 t\u00fcm bilgileri iletmeye taah\u00fc\u00fct ediyoruz. <div class=\"g-hr size_small\">\n\t\t\t\t\t\t<span class=\"g-hr-h\">\n\t\t\t\t\t\t\t<i class=\"fa fa-star\"><\/i>\n\t\t\t\t\t\t<\/span>\n\t\t\t\t\t<\/div> Delomid Spor Ajans\u0131, oyuncunun i\u015f s\u00f6zle\u015fmeleri olsun ya da imzalamas\u0131 gereken reklam s\u00f6zle\u015fmeleri olsun, t\u00fcm s\u00f6zle\u015fmeleri A&#8217;dan Z&#8217;ye y\u00f6netir. Oyuncuyla ilgili t\u00fcm idari unsurlar\u0131 y\u00f6netiriz ve kendisine \u00f6zel bir sigorta teminat\u0131 vermek i\u00e7in sigortalarla \u00e7al\u0131\u015f\u0131r\u0131z. Ayr\u0131ca sponsorlar ve sigorta s\u00f6zle\u015fmeleri bulmakla da ilgileniriz. Uzman hukuk departman\u0131m\u0131z ciddi bir \u00e7er\u00e7evenin garant\u00f6r\u00fcd\u00fcr. Hukuk\u00e7ular\u0131m\u0131z oyuncuyu kariyeri boyunca takip eder ve geri d\u00f6n\u00fc\u015f\u00fcm\u00fcn\u00fc haz\u0131rlamak i\u00e7in yard\u0131mc\u0131 olur.<\/div>\n\n\t\t<\/div> \n\t<\/div> <div class=\"g-hr type_invisible\">\n\t\t\t\t\t\t<span class=\"g-hr-h\">\n\t\t\t\t\t\t\t<i class=\"fa fa-star\"><\/i>\n\t\t\t\t\t\t<\/span>\n\t\t\t\t\t<\/div><\/div><\/div><\/div><\/div><div class=\"l-submain wpb_row color_primary\"><div class=\"l-submain-h g-html i-cf\"><div class=\"g-cols offset_default wpb_row\"><div class=\"full-width animate_wfc d1\"><div class=\"w-actionbox color_primary controls_aside\"><div class=\"w-actionbox-text\"><h3>Oyuncu olarak ba\u015fvurun<\/h3><\/div><div class=\"w-actionbox-controls\"><a class=\"w-actionbox-button g-btn size_big color_white outlined\" href=\"http:\/\/www.delomid-sport.com\/nos-joueurs\/candidature\/\"><span>Kayd\u0131<\/span><\/a><\/div><\/div><\/div><\/div><\/div><\/div><div class=\"l-submain wpb_row\"><div class=\"l-submain-h g-html i-cf\"><!-- Row Backgrounds --><div class=\"upb_no_bg\" data-fadeout=\"\" data-fadeout-percentage=\"30\" data-parallax-content=\"\" data-parallax-content-sense=\"30\" data-row-effect-mobile-disable=\"true\" data-img-parallax-mobile-disable=\"false\" data-rtl=\"false\"  data-custom-vc-row=\"\"  data-vc=\"4.4.2\"  data-theme-support=\"\"    ><\/div>\n<\/div><\/div>","protected":false},"excerpt":{"rendered":"[section background=\"alternate\" img=\"\"] Delomid Spor Ajans\u0131 sporcunun kariyerini hem sportif alanda hem de spor d\u0131\u015f\u0131 alanda y\u00f6netir. Yetene\u011fe adanm\u0131\u015f uzman hizmetler yelpazesi sunuyoruz ! [\/section][section background=\"primary\" img=\"6792\" overlay=\"black_60\"] Delomid Spor Ajansi Yetene\u011finiz, uzmanl\u0131\u011f\u0131m\u0131z Y\u00fcksek d\u00fczey bir profesyonel oyuncu kariyeri boyunca...","protected":false},"author":1,"featured_media":0,"parent":0,"menu_order":0,"comment_status":"closed","ping_status":"closed","template":"","meta":[],"_links":{"self":[{"href":"https:\/\/www.delomid-sport.com\/tr\/wp-json\/wp\/v2\/pages\/6527"}],"collection":[{"href":"https:\/\/www.delomid-sport.com\/tr\/wp-json\/wp\/v2\/pages"}],"about":[{"href":"https:\/\/www.delomid-sport.com\/tr\/wp-json\/wp\/v2\/types\/page"}],"author":[{"embeddable":true,"href":"https:\/\/www.delomid-sport.com\/tr\/wp-json\/wp\/v2\/users\/1"}],"replies":[{"embeddable":true,"href":"https:\/\/www.delomid-sport.com\/tr\/wp-json\/wp\/v2\/comments?post=6527"}],"version-history":[{"count":291,"href":"https:\/\/www.delomid-sport.com\/tr\/wp-json\/wp\/v2\/pages\/6527\/revisions"}],"predecessor-version":[{"id":8053,"href":"https:\/\/www.delomid-sport.com\/tr\/wp-json\/wp\/v2\/pages\/6527\/revisions\/8053"}],"wp:attachment":[{"href":"https:\/\/www.delomid-sport.com\/tr\/wp-json\/wp\/v2\/media?parent=6527"}],"curies":[{"name":"wp","href":"https:\/\/api.w.org\/{rel}","templated":true}]}}