{"id":6297,"date":"2015-02-16T23:03:01","date_gmt":"2015-02-16T23:03:01","guid":{"rendered":"http:\/\/www.delomid-sport.com\/?page_id=6297"},"modified":"2019-09-16T19:15:21","modified_gmt":"2019-09-16T19:15:21","slug":"nos-services","status":"publish","type":"page","link":"https:\/\/www.delomid-sport.com\/tr\/nos-services\/","title":{"rendered":"Hizmetlerimiz"},"content":{"rendered":"<div class=\"l-submain wpb_row\"><div class=\"l-submain-h g-html i-cf\"><div class=\"g-hr type_invisible\">\n\t\t\t\t\t\t<span class=\"g-hr-h\">\n\t\t\t\t\t\t\t<i class=\"fa fa-star\"><\/i>\n\t\t\t\t\t\t<\/span>\n\t\t\t\t\t<\/div><div class=\"g-cols offset_default wpb_row\"><div class=\"one-third animate_hfc\"><div class=\"w-iconbox iconpos_left\">\n\t\t\t\t\t\t<span class=\"w-iconbox-nolink\">\n\t\t\t\t\t\t<div class=\"w-iconbox-icon\">\n\t\t\t\t\t\t\t<i class=\"fa fa-sign-in\"><\/i>\t<\/div>\n\t\t\t\t\t\t<h4 class=\"w-iconbox-title\">Yetene\u011fin yerle\u015ftirmesi ve transferi<\/h4>\n\t\t\t\t\t\t<\/span>\n\t\t\t\t\t\t<div class=\"w-iconbox-text\">\n\t\t\t\t\t\t\t<p>\n<p>Oyuncular\u0131m\u0131z\u0131 geli\u015fmelerinde destekliyor ve anl\u0131yoruz ve ba\u015far\u0131 hedeflerine ula\u015fmalar\u0131na yard\u0131mc\u0131 oluyoruz.<\/p>\n<\/p>\n\t\t\t\t\t\t<\/div>\n\t\t\t\t\t<\/div><div class=\"g-hr type_invisible\">\n\t\t\t\t\t\t<span class=\"g-hr-h\">\n\t\t\t\t\t\t\t<i class=\"fa fa-star\"><\/i>\n\t\t\t\t\t\t<\/span>\n\t\t\t\t\t<\/div><div class=\"w-iconbox iconpos_left\">\n\t\t\t\t\t\t<span class=\"w-iconbox-nolink\">\n\t\t\t\t\t\t<div class=\"w-iconbox-icon\">\n\t\t\t\t\t\t\t<i class=\"fa fa-star\"><\/i>\t<\/div>\n\t\t\t\t\t\t<h4 class=\"w-iconbox-title\">Ki\u015fiselle\u015ftirilmi\u015f kariyer takibi ve e\u015flik etme<\/h4>\n\t\t\t\t\t\t<\/span>\n\t\t\t\t\t\t<div class=\"w-iconbox-text\">\n\t\t\t\t\t\t\t<p>\n<p>Nitelikleri, motivasyonu, b\u00fct\u00fcn ki\u015fili\u011fi dikkate al\u0131n\u0131r. Ayr\u0131ca her oyuncunun sezon \u00f6ncesi ve sonras\u0131 haz\u0131rl\u0131klar\u0131n\u0131 da takip ediyoruz.<\/p>\n<\/p>\n\t\t\t\t\t\t<\/div>\n\t\t\t\t\t<\/div><div class=\"g-hr type_invisible\">\n\t\t\t\t\t\t<span class=\"g-hr-h\">\n\t\t\t\t\t\t\t<i class=\"fa fa-star\"><\/i>\n\t\t\t\t\t\t<\/span>\n\t\t\t\t\t<\/div><div class=\"w-iconbox iconpos_left\">\n\t\t\t\t\t\t<span class=\"w-iconbox-nolink\">\n\t\t\t\t\t\t<div class=\"w-iconbox-icon\">\n\t\t\t\t\t\t\t<i class=\"fa fa-bars\"><\/i>\t<\/div>\n\t\t\t\t\t\t<h4 class=\"w-iconbox-title\">\u0130dari y\u00f6netim ve sigorta<\/h4>\n\t\t\t\t\t\t<\/span>\n\t\t\t\t\t\t<div class=\"w-iconbox-text\">\n\t\t\t\t\t\t\t<p>\n<p>Oyuncuyla ilgili t\u00fcm idari unsurlar\u0131 y\u00f6netiriz ve kendisine \u00f6zel bir sigorta teminat\u0131 vermek i\u00e7in sigortalarla \u00e7al\u0131\u015f\u0131r\u0131z.<\/p>\n<\/p>\n\t\t\t\t\t\t<\/div>\n\t\t\t\t\t<\/div><div class=\"g-hr type_invisible\">\n\t\t\t\t\t\t<span class=\"g-hr-h\">\n\t\t\t\t\t\t\t<i class=\"fa fa-star\"><\/i>\n\t\t\t\t\t\t<\/span>\n\t\t\t\t\t<\/div><div class=\"w-iconbox iconpos_left\">\n\t\t\t\t\t\t<span class=\"w-iconbox-nolink\">\n\t\t\t\t\t\t<div class=\"w-iconbox-icon\">\n\t\t\t\t\t\t\t<i class=\"fa fa-child\"><\/i>\t<\/div>\n\t\t\t\t\t\t<h4 class=\"w-iconbox-title\">Fiziksel haz\u0131rlama<\/h4>\n\t\t\t\t\t\t<\/span>\n\t\t\t\t\t\t<div class=\"w-iconbox-text\">\n\t\t\t\t\t\t\t<p>\n<p>Diploma sahibi ve nitelikli fiziksel e\u011fitmenlerimiz, optimum fiziksel forma giri\u015f ad\u0131na yetene\u011fi ele almaktad\u0131r.<\/p>\n<\/p>\n\t\t\t\t\t\t<\/div>\n\t\t\t\t\t<\/div><\/div><div class=\"one-third animate_aft\"><div class=\"w-iconbox iconpos_left\">\n\t\t\t\t\t\t<span class=\"w-iconbox-nolink\">\n\t\t\t\t\t\t<div class=\"w-iconbox-icon\">\n\t\t\t\t\t\t\t<i class=\"fa fa-share-alt\"><\/i>\t<\/div>\n\t\t\t\t\t\t<h4 class=\"w-iconbox-title\">Kul\u00fcp ili\u015fkileri<\/h4>\n\t\t\t\t\t\t<\/span>\n\t\t\t\t\t\t<div class=\"w-iconbox-text\">\n\t\t\t\t\t\t\t<p>\n<p>Uygun desteklerle, y\u00f6neticilere ve antren\u00f6rlere ve oyuncunun geli\u015fimi ile alakal\u0131 t\u00fcm bilgileri iletmeye taah\u00fc\u00fct ediyoruz.<\/p>\n<\/p>\n\t\t\t\t\t\t<\/div>\n\t\t\t\t\t<\/div><div class=\"g-hr type_invisible\">\n\t\t\t\t\t\t<span class=\"g-hr-h\">\n\t\t\t\t\t\t\t<i class=\"fa fa-star\"><\/i>\n\t\t\t\t\t\t<\/span>\n\t\t\t\t\t<\/div><div class=\"w-iconbox iconpos_left\">\n\t\t\t\t\t\t<span class=\"w-iconbox-nolink\">\n\t\t\t\t\t\t<div class=\"w-iconbox-icon\">\n\t\t\t\t\t\t\t<i class=\"fa fa-file-image-o\"><\/i>\t<\/div>\n\t\t\t\t\t\t<h4 class=\"w-iconbox-title\">G\u00f6r\u00fcnt\u00fc hakk\u0131<\/h4>\n\t\t\t\t\t\t<\/span>\n\t\t\t\t\t\t<div class=\"w-iconbox-text\">\n\t\t\t\t\t\t\t<p>\n<p>Ekibimiz yeteneklerinin medyadaki maruziyetlerini kendi \u00e7\u0131karlar\u0131 do\u011frultusunda y\u00f6neterek imajlar\u0131n\u0131n tan\u0131t\u0131m\u0131n\u0131 sa\u011flamaktad\u0131r.<\/p>\n<\/p>\n\t\t\t\t\t\t<\/div>\n\t\t\t\t\t<\/div><div class=\"g-hr type_invisible\">\n\t\t\t\t\t\t<span class=\"g-hr-h\">\n\t\t\t\t\t\t\t<i class=\"fa fa-star\"><\/i>\n\t\t\t\t\t\t<\/span>\n\t\t\t\t\t<\/div><div class=\"w-iconbox iconpos_left\">\n\t\t\t\t\t\t<span class=\"w-iconbox-nolink\">\n\t\t\t\t\t\t<div class=\"w-iconbox-icon\">\n\t\t\t\t\t\t\t<i class=\"fa fa-cog\"><\/i>\t<\/div>\n\t\t\t\t\t\t<h4 class=\"w-iconbox-title\">Zihinsel ko\u00e7luk<\/h4>\n\t\t\t\t\t\t<\/span>\n\t\t\t\t\t\t<div class=\"w-iconbox-text\">\n\t\t\t\t\t\t\t<p>\n<p>Psikolojik destek i\u015flevini yerine getiriyoruz. Profesyonel d\u00fcnyada, oyuncular en karma\u015f\u0131k durumlarla ba\u015fa \u00e7\u0131kabilecek bir zihine sahip olmal\u0131d\u0131rlar. Bunu yapmak i\u00e7in, zihinsel ko\u00e7lar\u0131m\u0131z kariyeri boyunca oyuncuyla ilgilenirler.<\/p>\n<\/p>\n\t\t\t\t\t\t<\/div>\n\t\t\t\t\t<\/div><div class=\"g-hr type_invisible\">\n\t\t\t\t\t\t<span class=\"g-hr-h\">\n\t\t\t\t\t\t\t<i class=\"fa fa-star\"><\/i>\n\t\t\t\t\t\t<\/span>\n\t\t\t\t\t<\/div><\/div><div class=\"one-third animate_afb\"><div class=\"w-iconbox iconpos_left\">\n\t\t\t\t\t\t<span class=\"w-iconbox-nolink\">\n\t\t\t\t\t\t<div class=\"w-iconbox-icon\">\n\t\t\t\t\t\t\t<i class=\"fa fa-check-square-o \"><\/i>\t<\/div>\n\t\t\t\t\t\t<h4 class=\"w-iconbox-title\">S\u00f6zle\u015fme m\u00fczakereleri<\/h4>\n\t\t\t\t\t\t<\/span>\n\t\t\t\t\t\t<div class=\"w-iconbox-text\">\n\t\t\t\t\t\t\t<p>\n<p>Oyuncunun i\u015f s\u00f6zle\u015fmeleri olsun ya da imzalamas\u0131 gereken reklam s\u00f6zle\u015fmeleri olsun, t\u00fcm s\u00f6zle\u015fmeleri A&#8217;dan Z&#8217;ye y\u00f6netiriz.<\/p>\n<\/p>\n\t\t\t\t\t\t<\/div>\n\t\t\t\t\t<\/div><div class=\"g-hr type_invisible\">\n\t\t\t\t\t\t<span class=\"g-hr-h\">\n\t\t\t\t\t\t\t<i class=\"fa fa-star\"><\/i>\n\t\t\t\t\t\t<\/span>\n\t\t\t\t\t<\/div><div class=\"w-iconbox iconpos_left\">\n\t\t\t\t\t\t<span class=\"w-iconbox-nolink\">\n\t\t\t\t\t\t<div class=\"w-iconbox-icon\">\n\t\t\t\t\t\t\t<i class=\"fa fa-book\"><\/i>\t<\/div>\n\t\t\t\t\t\t<h4 class=\"w-iconbox-title\">Hukusal ve vergi dan\u0131\u015fmal\u0131\u011f\u0131<\/h4>\n\t\t\t\t\t\t<\/span>\n\t\t\t\t\t\t<div class=\"w-iconbox-text\">\n\t\t\t\t\t\t\t<p>\n<p>Hukuki yard\u0131m oyuncunun hizmetine sunulmu\u015ftur. &#8211; Vergi uzmanlar\u0131m\u0131z, oyuncuya, kendisinin ve sevdiklerinin uzun vadede parlak bir gelece\u011fi olmas\u0131n\u0131 ve hedeflerine uygun bir d\u00f6n\u00fc\u015f\u00fcm\u00fc sa\u011flayabilmesi i\u00e7in optimal bir \u015fekilde tavsiyede bulunacakt\u0131r.<\/p>\n<\/p>\n\t\t\t\t\t\t<\/div>\n\t\t\t\t\t<\/div><div class=\"g-hr type_invisible\">\n\t\t\t\t\t\t<span class=\"g-hr-h\">\n\t\t\t\t\t\t\t<i class=\"fa fa-star\"><\/i>\n\t\t\t\t\t\t<\/span>\n\t\t\t\t\t<\/div><div class=\"w-iconbox iconpos_left\">\n\t\t\t\t\t\t<span class=\"w-iconbox-nolink\">\n\t\t\t\t\t\t<div class=\"w-iconbox-icon\">\n\t\t\t\t\t\t\t<i class=\"fa fa-university\"><\/i>\t<\/div>\n\t\t\t\t\t\t<h4 class=\"w-iconbox-title\">Okul ko\u00e7lu\u011fu<\/h4>\n\t\t\t\t\t\t<\/span>\n\t\t\t\t\t\t<div class=\"w-iconbox-text\">\n\t\t\t\t\t\t\t<p>Bir y\u00f6n bulmak<br \/>\nI\u015f metodu kazanmak<br \/>\n\u00d6zerklik geli\u015ftirmek i\u00e7in :<br \/>\nGenci ki\u015fisel \u00e7\u00f6z\u00fcmler bulmaya iten uzmanla\u015fm\u0131\u015f bir metodoloji<br \/>\n<\/p>\n\t\t\t\t\t\t<\/div>\n\t\t\t\t\t<\/div><div class=\"g-hr type_invisible\">\n\t\t\t\t\t\t<span class=\"g-hr-h\">\n\t\t\t\t\t\t\t<i class=\"fa fa-star\"><\/i>\n\t\t\t\t\t\t<\/span>\n\t\t\t\t\t<\/div><\/div><\/div><div class=\"g-cols offset_default wpb_row\"><div class=\"full-width\">\n<\/div><\/div>\n<\/div><\/div>","protected":false},"excerpt":{"rendered":"Yetene\u011fin yerle\u015ftirmesi ve transferi Oyuncular\u0131m\u0131z\u0131 geli\u015fmelerinde destekliyor ve anl\u0131yoruz ve ba\u015far\u0131 hedeflerine ula\u015fmalar\u0131na yard\u0131mc\u0131 oluyoruz. Ki\u015fiselle\u015ftirilmi\u015f kariyer takibi ve e\u015flik etme Nitelikleri, motivasyonu, b\u00fct\u00fcn ki\u015fili\u011fi dikkate al\u0131n\u0131r. Ayr\u0131ca her oyuncunun sezon \u00f6ncesi ve sonras\u0131 haz\u0131rl\u0131klar\u0131n\u0131 da takip ediyoruz. \u0130dari y\u00f6netim...","protected":false},"author":1,"featured_media":0,"parent":0,"menu_order":0,"comment_status":"closed","ping_status":"open","template":"","meta":[],"_links":{"self":[{"href":"https:\/\/www.delomid-sport.com\/tr\/wp-json\/wp\/v2\/pages\/6297"}],"collection":[{"href":"https:\/\/www.delomid-sport.com\/tr\/wp-json\/wp\/v2\/pages"}],"about":[{"href":"https:\/\/www.delomid-sport.com\/tr\/wp-json\/wp\/v2\/types\/page"}],"author":[{"embeddable":true,"href":"https:\/\/www.delomid-sport.com\/tr\/wp-json\/wp\/v2\/users\/1"}],"replies":[{"embeddable":true,"href":"https:\/\/www.delomid-sport.com\/tr\/wp-json\/wp\/v2\/comments?post=6297"}],"version-history":[{"count":30,"href":"https:\/\/www.delomid-sport.com\/tr\/wp-json\/wp\/v2\/pages\/6297\/revisions"}],"predecessor-version":[{"id":7992,"href":"https:\/\/www.delomid-sport.com\/tr\/wp-json\/wp\/v2\/pages\/6297\/revisions\/7992"}],"wp:attachment":[{"href":"https:\/\/www.delomid-sport.com\/tr\/wp-json\/wp\/v2\/media?parent=6297"}],"curies":[{"name":"wp","href":"https:\/\/api.w.org\/{rel}","templated":true}]}}