{"id":31,"date":"2015-02-13T23:36:56","date_gmt":"2015-02-13T23:36:56","guid":{"rendered":"http:\/\/www.delomid-sport.com\/?page_id=31"},"modified":"2024-02-21T16:56:51","modified_gmt":"2024-02-21T16:56:51","slug":"contact","status":"publish","type":"page","link":"https:\/\/www.delomid-sport.com\/tr\/contact\/","title":{"rendered":"Ileti\u015fim"},"content":{"rendered":"<div class=\"l-submain wpb_row\"><div class=\"l-submain-h g-html i-cf\"><\/div><\/div><div class=\"l-submain wpb_row color_secondary parallax_ver\" id=\"section_653750\"><div class=\"l-submain-img\" style=\"background-image: url(https:\/\/www.delomid-sport.com\/wp-content\/uploads\/2014\/12\/parallax1.png);\"><\/div><div class=\"l-submain-overlay black_80\"><\/div><div class=\"l-submain-h g-html i-cf\"><div class=\"g-cols offset_default wpb_row\"><div class=\"full-width\">\n\t<div class=\"wpb_text_column \">\n\t\t<div class=\"wpb_wrapper\">\n\t\t\t\n<h5 style=\"text-align: center;\">Bir ortakl\u0131kla ilgileniyorsan\u0131z veya sponsorsan\u0131z, bizimle ileti\u015fime ge\u00e7mekten \u00e7ekinmeyin.<br \/>\nEkibimiz en k\u0131sa s\u00fcrede size cevap verecektir.<\/h5>\n\n\t\t<\/div> \n\t<\/div> <\/div><\/div><\/div><\/div><script type='text\/javascript'>jQuery(document).ready(function(){ jQuery('#section_653750 .l-submain-img').parallax('50%', '-0.1'); });<\/script><div class=\"l-submain wpb_row\"><div class=\"l-submain-h g-html i-cf\"><!-- Row Backgrounds --><div class=\"upb_no_bg\" data-fadeout=\"\" data-fadeout-percentage=\"30\" data-parallax-content=\"\" data-parallax-content-sense=\"30\" data-row-effect-mobile-disable=\"true\" data-img-parallax-mobile-disable=\"false\" data-rtl=\"false\"  data-custom-vc-row=\"\"  data-vc=\"4.4.2\"  data-theme-support=\"\"    ><\/div><div class=\"g-cols offset_default wpb_row\"><div class=\"one-third\">\n\t<div class=\"wpb_text_column \">\n\t\t<div class=\"wpb_wrapper\">\n\t\t\t\n<h3>Sosyal a\u011f<\/h3>\n\n\t\t<\/div> \n\t<\/div> <div class=\"w-socials size_big align_left\">\n\t\t\t<div class=\"w-socials-list\"><div class=\"w-socials-item email\">\n\t\t\t\t\t<a class=\"w-socials-item-link\" href=\"mailto:info@delomid-sport.com\">\n\t\t\t\t\t\t<i class=\"fa fa-envelope\"><\/i>\n\t\t\t\t\t<\/a>\n\t\t\t\t\t<div class=\"w-socials-item-popup\">\n\t\t\t\t\t\t<span>Email<\/span>\n\t\t\t\t\t<\/div>\n\t\t\t\t\t<\/div><div class=\"w-socials-item facebook\">\n\t\t\t\t\t<a class=\"w-socials-item-link\" target=\"_blank\" href=\"https:\/\/www.facebook.com\/pages\/Delomid-agency\/1427487810900537\">\n\t\t\t\t\t\t<i class=\"fa fa-facebook\"><\/i>\n\t\t\t\t\t<\/a>\n\t\t\t\t\t<div class=\"w-socials-item-popup\">\n\t\t\t\t\t\t<span>Facebook<\/span>\n\t\t\t\t\t<\/div>\n\t\t\t\t\t<\/div><div class=\"w-socials-item linkedin\">\n\t\t\t\t\t<a class=\"w-socials-item-link\" target=\"_blank\" href=\"http:\/\/be.linkedin.com\/in\/delomidagency\">\n\t\t\t\t\t\t<i class=\"fa fa-linkedin\"><\/i>\n\t\t\t\t\t<\/a>\n\t\t\t\t\t<div class=\"w-socials-item-popup\">\n\t\t\t\t\t\t<span>LinkedIn<\/span>\n\t\t\t\t\t<\/div>\n\t\t\t\t\t<\/div><div class=\"w-socials-item youtube\">\n\t\t\t\t\t<a class=\"w-socials-item-link\" target=\"_blank\" href=\"https:\/\/www.youtube.com\/channel\/UCYPdkACO5Cw8l-pzJBJd76Q\">\n\t\t\t\t\t\t<i class=\"fa fa-youtube-play\"><\/i>\n\t\t\t\t\t<\/a>\n\t\t\t\t\t<div class=\"w-socials-item-popup\">\n\t\t\t\t\t\t<span>YouTube<\/span>\n\t\t\t\t\t<\/div>\n\t\t\t\t\t<\/div><\/div><\/div><div class=\"g-hr type_invisible\">\n\t\t\t\t\t\t<span class=\"g-hr-h\">\n\t\t\t\t\t\t\t<i class=\"fa fa-star\"><\/i>\n\t\t\t\t\t\t<\/span>\n\t\t\t\t\t<\/div>\n\t<div class=\"wpb_text_column \">\n\t\t<div class=\"wpb_wrapper\">\n\t\t\t\n<h4>Ileti\u015fim bilgileri<\/h4>\n\n\t\t<\/div> \n\t<\/div> <div class=\"w-contacts\">\n\t\t\t\t\t\t<div class=\"w-contacts-h\">\n\t\t\t\t\t\t\t<div class=\"w-contacts-list\"><div class=\"w-contacts-item\">\n\t\t\t\t\t\t\t\t\t<i class=\"fa fa-map-marker\"><\/i>\n\t\t\t\t\t\t\t\t\t<span class=\"w-contacts-item-value\">Rue des Guillemins 139, 4000 Liege, Belgique<\/span>\n\t\t\t\t\t\t\t\t<\/div><div class=\"w-contacts-item\">\n\t\t\t\t\t\t\t\t\t<i class=\"fa fa-envelope\"><\/i>\n\t\t\t\t\t\t\t\t\t<span class=\"w-contacts-item-value\"><a href=\"mailto:info@delomid-sport.com\">info@delomid-sport.com<\/a><\/span>\n\t\t\t\t\t\t\t\t<\/div><\/div>\n\t\t\t\t\t\t<\/div>\n\t\t\t\t\t<\/div><\/div><div class=\"two-thirds\">\n\t<div class=\"wpb_text_column \">\n\t\t<div class=\"wpb_wrapper\">\n\t\t\t\n<h3>Form<\/h3>\n\n\t\t<\/div> \n\t<\/div> <div class=\"w-form align_left\">\n\t\t\t\t\t\t<form action=\"\" method=\"post\" id=\"contact_form\" class=\"contact_form\"><input type=\"hidden\" name=\"post_id\" value=\"31\"><div class=\"w-form-row\" id=\"name_row\">\n\t\t\t\t\t\t\t<div class=\"w-form-label\">\n\t\t\t\t\t\t\t\t<label for=\"name\">Your name *<\/label>\n\t\t\t\t\t\t\t<\/div>\n\t\t\t\t\t\t\t<div class=\"w-form-field\">\n\t\t\t\t\t\t\t\t<input id=\"name\" type=\"text\" name=\"name\" data-required=\"1\" placeholder=\"Your name *\">\n\t\t\t\t\t\t\t\t<i class=\"fa fa-user\"><\/i>\n\t\t\t\t\t\t\t<\/div>\n\t\t\t\t\t\t\t<div class=\"w-form-state\" id=\"name_state\"><\/div>\n\t\t\t\t\t\t<\/div><div class=\"w-form-row\" id=\"email_row\">\n\t\t\t\t\t\t\t<div class=\"w-form-label\">\n\t\t\t\t\t\t\t\t<label for=\"email\">Email *<\/label>\n\t\t\t\t\t\t\t<\/div>\n\t\t\t\t\t\t\t<div class=\"w-form-field\">\n\t\t\t\t\t\t\t\t<input id=\"email\" type=\"email\" name=\"email\" data-required=\"1\" placeholder=\"Email *\">\n\t\t\t\t\t\t\t\t<i class=\"fa fa-envelope\"><\/i>\n\t\t\t\t\t\t\t<\/div>\n\t\t\t\t\t\t\t<div class=\"w-form-state\" id=\"email_state\"><\/div>\n\t\t\t\t\t\t<\/div><div class=\"w-form-row\" id=\"message_row\">\n\t\t\t\t\t\t\t<div class=\"w-form-label\">\n\t\t\t\t\t\t\t\t<label for=\"message\">Message *<\/label>\n\t\t\t\t\t\t\t<\/div>\n\t\t\t\t\t\t\t<div class=\"w-form-field\">\n\t\t\t\t\t\t\t\t<textarea id=\"message\" name=\"message\" cols=\"30\" rows=\"10\" data-required=\"1\" placeholder=\"Message *\"><\/textarea>\n\t\t\t\t\t\t\t\t<i class=\"fa fa-pencil\"><\/i>\n\t\t\t\t\t\t\t<\/div>\n\t\t\t\t\t\t\t<div class=\"w-form-state\" id=\"message_state\"><\/div>\n\t\t\t\t\t\t<\/div><div class=\"w-form-row\" id=\"captcha_row\">\n\t\t\t\t\t\t\t<div class=\"w-form-label\">\n\t\t\t\t\t\t\t\t<label for=\"contact_captcha\">Just to prove you are a human, please solve the equation:  3 - 1<\/label>\n\t\t\t\t\t\t\t<\/div>\n\t\t\t\t\t\t\t<div class=\"w-form-field\">\n\t\t\t\t\t\t\t\t<input type=\"hidden\" name=\"captcha_result\" value=\"809639b2e0571ffbe9efeed43f988dec\">\n\t\t\t\t\t\t\t\t<input type=\"text\" name=\"captcha\" value=\"\">\n\t\t\t\t\t\t\t<\/div>\n\t\t\t\t\t\t\t<div class=\"w-form-state\" id=\"captcha_state\"><\/div>\n\t\t\t\t\t\t<\/div><div class=\"w-form-row for_submit\">\n\t\t\t\t\t\t\t\t<div class=\"w-form-field\">\n\t\t\t\t\t\t\t\t\t<button class=\"g-btn  color_primary\" id=\"message_send\"><i class=\"fa fa-spinner fa-spin\"><\/i><span>Send Message<\/span><\/button>\n\t\t\t\t\t\t\t\t\t<div class=\"w-form-field-success\"><\/div>\n\t\t\t\t\t\t\t\t<\/div>\n\t\t\t\t\t\t\t<\/div>\n\t\t\t\t\t\t<\/form>\n\t\t\t\t\t<\/div><\/div><\/div>\n<\/div><\/div>","protected":false},"excerpt":{"rendered":"[section background=\"secondary\" img=\"3430\" parallax=\"vertical\" parallax_speed=\"-0.1\" parallax_bg_width=\"110\" overlay=\"black_80\"] Bir ortakl\u0131kla ilgileniyorsan\u0131z veya sponsorsan\u0131z, bizimle ileti\u015fime ge\u00e7mekten \u00e7ekinmeyin. Ekibimiz en k\u0131sa s\u00fcrede size cevap verecektir. [\/section] Sosyal a\u011f Email Facebook LinkedIn YouTube Ileti\u015fim bilgileri Rue des Guillemins 139, 4000 Liege, Belgique info@delomid-sport.com...","protected":false},"author":1,"featured_media":0,"parent":0,"menu_order":6,"comment_status":"closed","ping_status":"open","template":"","meta":[],"_links":{"self":[{"href":"https:\/\/www.delomid-sport.com\/tr\/wp-json\/wp\/v2\/pages\/31"}],"collection":[{"href":"https:\/\/www.delomid-sport.com\/tr\/wp-json\/wp\/v2\/pages"}],"about":[{"href":"https:\/\/www.delomid-sport.com\/tr\/wp-json\/wp\/v2\/types\/page"}],"author":[{"embeddable":true,"href":"https:\/\/www.delomid-sport.com\/tr\/wp-json\/wp\/v2\/users\/1"}],"replies":[{"embeddable":true,"href":"https:\/\/www.delomid-sport.com\/tr\/wp-json\/wp\/v2\/comments?post=31"}],"version-history":[{"count":61,"href":"https:\/\/www.delomid-sport.com\/tr\/wp-json\/wp\/v2\/pages\/31\/revisions"}],"predecessor-version":[{"id":8063,"href":"https:\/\/www.delomid-sport.com\/tr\/wp-json\/wp\/v2\/pages\/31\/revisions\/8063"}],"wp:attachment":[{"href":"https:\/\/www.delomid-sport.com\/tr\/wp-json\/wp\/v2\/media?parent=31"}],"curies":[{"name":"wp","href":"https:\/\/api.w.org\/{rel}","templated":true}]}}