{"id":6527,"date":"2013-05-31T08:44:43","date_gmt":"2013-05-31T08:44:43","guid":{"rendered":"http:\/\/us-themes.com\/wp\/Vittoria\/?page_id=2"},"modified":"2021-12-31T22:54:26","modified_gmt":"2021-12-31T22:54:26","slug":"sample-page-2","status":"publish","type":"page","link":"https:\/\/www.delomid-sport.com\/pt\/","title":{"rendered":"Inicio"},"content":{"rendered":"<div class=\"l-submain wpb_row\"><div class=\"l-submain-h g-html i-cf\"><\/div><\/div><div class=\"l-submain wpb_row color_alternate\"><div class=\"l-submain-h g-html i-cf\"><div class=\"g-cols offset_default wpb_row vc_custom_1429733032588\"><div class=\"full-width animate_afc d2\">\n\t<div class=\"wpb_text_column \">\n\t\t<div class=\"wpb_wrapper\">\n\t\t\t\n<h4 style=\"text-align: center; color: #333; margin-bottom: 5px;\"><strong>Delomid Agency<\/strong>\u00a0gere a carreira do atleta tanto no plano desportivo como extra-desportivo.<\/h4>\n<h4 style=\"text-align: center; color: #333; margin-top: 0px; margin-bottom: 0; padding-top: 5px; padding-bottom: 0;\">Propomos uma gama completa de servi\u00e7os de especialistas consagrados ao talento!<\/h4>\n\n\t\t<\/div> \n\t<\/div> <\/div><\/div><\/div><\/div><div class=\"l-submain wpb_row\"><div class=\"l-submain-h g-html i-cf\"><!-- Row Backgrounds --><div class=\"upb_grad\" data-grad=\"background: -webkit-gradient(linear, left top, left bottom, color-stop(0%, #E3E3E3), color-stop(0%, #E3E3E3), color-stop(0%, #FFFFFF), color-stop(56%, #FFFCFF), color-stop(100%, #EBEBEB));background: -moz-linear-gradient(top,#E3E3E3 0%,#E3E3E3 0%,#FFFFFF 0%,#FFFCFF 56%,#EBEBEB 100%);background: -webkit-linear-gradient(top,#E3E3E3 0%,#E3E3E3 0%,#FFFFFF 0%,#FFFCFF 56%,#EBEBEB 100%);background: -o-linear-gradient(top,#E3E3E3 0%,#E3E3E3 0%,#FFFFFF 0%,#FFFCFF 56%,#EBEBEB 100%);background: -ms-linear-gradient(top,#E3E3E3 0%,#E3E3E3 0%,#FFFFFF 0%,#FFFCFF 56%,#EBEBEB 100%);background: linear-gradient(top,#E3E3E3 0%,#E3E3E3 0%,#FFFFFF 0%,#FFFCFF 56%,#EBEBEB 100%);\" data-bg-override=\"full\" data-upb-overlay-color=\"\" data-upb-bg-animation=\"\" data-fadeout=\"\" data-fadeout-percentage=\"30\" data-parallax-content=\"\" data-parallax-content-sense=\"30\" data-row-effect-mobile-disable=\"true\" data-img-parallax-mobile-disable=\"true\" data-rtl=\"false\"  data-custom-vc-row=\"\"  data-vc=\"4.4.2\"  data-theme-support=\"\"   data-overlay=\"false\" data-overlay-color=\"\" data-overlay-pattern=\"\" data-overlay-pattern-opacity=\"\" data-overlay-pattern-size=\"\"    ><\/div><\/div><\/div><div class=\"l-submain wpb_row color_primary\"><div class=\"l-submain-img\" style=\"background-image: url(https:\/\/www.delomid-sport.com\/wp-content\/uploads\/2015\/02\/Soccer-Field-Night.jpg);\"><\/div><div class=\"l-submain-overlay black_60\"><\/div><div class=\"l-submain-h g-html i-cf\"><div class=\"g-cols offset_default wpb_row vc_custom_1486913938367\"><div class=\"one-half animate_aft d1\">\n\t<div class=\"wpb_text_column  vc_custom_1436443907474\">\n\t\t<div class=\"wpb_wrapper\">\n\t\t\t\n<h1 style=\"text-align: center;\">Delomid Agency<\/h1>\n<div class=\"g-hr size_small\">\n\t\t\t\t\t\t<span class=\"g-hr-h\">\n\t\t\t\t\t\t\t<i class=\"fa fa-star\"><\/i>\n\t\t\t\t\t\t<\/span>\n\t\t\t\t\t<\/div>\n<h3 style=\"text-align: center;\">O seu talento, a nossa experi\u00eancia<\/h3>\n\n\t\t<\/div> \n\t<\/div> <\/div><div class=\"one-half\">\n\t<div class=\"wpb_text_column  vc_custom_1436444892852\">\n\t\t<div class=\"wpb_wrapper\">\n\t\t\t\n<h4>Ao longo da sua carreira, o atleta profissional de alto n\u00edvel \u00e9 confrontado com desafios de todo o tipo. Os especialistas da ag\u00eancia est\u00e3o sempre ao seu lado para o acompanhar e apoiar no seu sucesso.<\/h4>\n<h5>Os valores da Delomid Agency s\u00e3o: integridade, esp\u00edrito de equipa, respeito et preserveran\u00e7a.<\/h5>\n\n\t\t<\/div> \n\t<\/div> <\/div><\/div><\/div><\/div><div class=\"l-submain wpb_row\"><div class=\"l-submain-h g-html i-cf\"><!-- Row Backgrounds --><div class=\"upb_no_bg\" data-fadeout=\"\" data-fadeout-percentage=\"30\" data-parallax-content=\"\" data-parallax-content-sense=\"30\" data-row-effect-mobile-disable=\"true\" data-img-parallax-mobile-disable=\"true\" data-rtl=\"false\"  data-custom-vc-row=\"\"  data-vc=\"4.4.2\"  data-theme-support=\"\"    ><\/div><div class=\"g-cols offset_default wpb_row\"><div class=\"full-width animate_aft d1\"><div class=\"g-hr type_invisible size_small\">\n\t\t\t\t\t\t<span class=\"g-hr-h\">\n\t\t\t\t\t\t\t<i class=\"fa fa-star\"><\/i>\n\t\t\t\t\t\t<\/span>\n\t\t\t\t\t<\/div>\n\t<div class=\"wpb_text_column \">\n\t\t<div class=\"wpb_wrapper\">\n\t\t\t\n<h2 style=\"text-align: center;\">Os nossos compromissos<\/h2>\n<p style=\"text-align: center;\"><span class=\"w-icon color_text size_small\">\n\t\t\t\t\t\t<span class=\"w-icon-link\">\n\t\t\t\t\t\t\t<i class=\"fa fa-chevron-down\"><\/i>\n\t\t\t\t\t\t<\/span>\n\t\t\t\t\t<\/span>\n\n\t\t<\/div> \n\t<\/div> \n\t<div class=\"wpb_text_column \">\n\t\t<div class=\"wpb_wrapper\">\n\t\t\t\n<div style=\"font-size: 13px; color: #333;\">A Delomid Agency garante a coloca\u00e7\u00e3o e a transfer\u00eancia dos seus talentos. Apoia e compreende os seus jogadores ao longo da sua evolu\u00e7\u00e3o e ajuda-os a alcan\u00e7ar o sucesso. <div class=\"g-hr size_small\">\n\t\t\t\t\t\t<span class=\"g-hr-h\">\n\t\t\t\t\t\t\t<i class=\"fa fa-star\"><\/i>\n\t\t\t\t\t\t<\/span>\n\t\t\t\t\t<\/div> Como cada talento \u00e9 \u00fanico, a nossa ag\u00eancia oferece um acompanhamento personalizado da carreira de cada jogador, considerando as suas qualidades, a sua motiva\u00e7\u00e3o, assim como a sua personalidade. A prepara\u00e7\u00e3o pr\u00e9 e p\u00f3s temporada \u00e9 tamb\u00e9m seguida pela nossa ag\u00eancia de forma individual e por profissionais altamente qualificados que assumem o comando dos treinos, nas mais adequadas infra-estruturas. <div class=\"g-hr size_small\">\n\t\t\t\t\t\t<span class=\"g-hr-h\">\n\t\t\t\t\t\t\t<i class=\"fa fa-star\"><\/i>\n\t\t\t\t\t\t<\/span>\n\t\t\t\t\t<\/div> Os jogadores profissionais ligados \u00e0 ag\u00eancia beneficiar\u00e3o tamb\u00e9m de servi\u00e7os de psicologia especializados, com vista a maximizar o seu bem-estar e talento. A nossa equipa promove a imagem dos seus talentos e garante-lhes a melhor exposi\u00e7\u00e3o medi\u00e1tica poss\u00edvel. O nosso objectivo \u00e9 dar a conhecer os nossos atletas profissionais tanto pelo seu talento como pelas suas qualidades humanas. Em termos de rela\u00e7\u00f5es p\u00fablicas, vinculamos liga\u00e7\u00f5es com os clubes onde os jogadores evoluem. E nesse sentido, comprometemo-nos a transmitir aos dirigentes e treinadores desses clubes, todas as informa\u00e7\u00f5es necess\u00e1rias relativas \u00e0 evolu\u00e7\u00e3o dos jogadores, atrav\u00e9s dos suportes adequados.<div class=\"g-hr size_small\">\n\t\t\t\t\t\t<span class=\"g-hr-h\">\n\t\t\t\t\t\t\t<i class=\"fa fa-star\"><\/i>\n\t\t\t\t\t\t<\/span>\n\t\t\t\t\t<\/div> A Delomid Agency gere os contratos de A a Z, tanto se trate de contratos de trabalho como de contratos de publicidade. A ag\u00eancia gere igualmente todos os elementos administrativos relacionados com o jogador, trabalha com seguradoras a fim de proporcionar aos jogadores, seguros espec\u00edficos e adequados e encontra os seus patrocinadores. O nosso servi\u00e7o jur\u00eddico especializado \u00e9 a garantia de um enquadramento s\u00e9rio, tendo os nossos advogados como miss\u00e3o seguir o jogador ao longo da sua carreira e ajud\u00e1-lo a preparar a sua reconvers\u00e3o.<\/div>\n\n\t\t<\/div> \n\t<\/div> <div class=\"g-hr type_invisible\">\n\t\t\t\t\t\t<span class=\"g-hr-h\">\n\t\t\t\t\t\t\t<i class=\"fa fa-star\"><\/i>\n\t\t\t\t\t\t<\/span>\n\t\t\t\t\t<\/div><\/div><\/div><\/div><\/div><div class=\"l-submain wpb_row color_primary\"><div class=\"l-submain-h g-html i-cf\"><div class=\"g-cols offset_default wpb_row\"><div class=\"full-width animate_wfc d1\"><div class=\"w-actionbox color_primary controls_aside\"><div class=\"w-actionbox-text\"><h3>Fa\u00e7a a sua candidatura como jogador<\/h3><\/div><div class=\"w-actionbox-controls\"><a class=\"w-actionbox-button g-btn size_big color_white outlined\" href=\"http:\/\/www.delomid-sport.com\/nos-joueurs\/candidature\/\"><span>Inscri\u00e7\u00e3o<\/span><\/a><\/div><\/div><\/div><\/div><\/div><\/div><div class=\"l-submain wpb_row\"><div class=\"l-submain-h g-html i-cf\"><!-- Row Backgrounds --><div class=\"upb_no_bg\" data-fadeout=\"\" data-fadeout-percentage=\"30\" data-parallax-content=\"\" data-parallax-content-sense=\"30\" data-row-effect-mobile-disable=\"true\" data-img-parallax-mobile-disable=\"false\" data-rtl=\"false\"  data-custom-vc-row=\"\"  data-vc=\"4.4.2\"  data-theme-support=\"\"    ><\/div>\n<\/div><\/div>","protected":false},"excerpt":{"rendered":"[section background=\"alternate\" img=\"\"] Delomid Agency\u00a0gere a carreira do atleta tanto no plano desportivo como extra-desportivo. Propomos uma gama completa de servi\u00e7os de especialistas consagrados ao talento! [\/section][section background=\"primary\" img=\"6792\" overlay=\"black_60\"] Delomid Agency O seu talento, a nossa experi\u00eancia Ao longo...","protected":false},"author":1,"featured_media":0,"parent":0,"menu_order":0,"comment_status":"closed","ping_status":"closed","template":"","meta":[],"_links":{"self":[{"href":"https:\/\/www.delomid-sport.com\/pt\/wp-json\/wp\/v2\/pages\/6527"}],"collection":[{"href":"https:\/\/www.delomid-sport.com\/pt\/wp-json\/wp\/v2\/pages"}],"about":[{"href":"https:\/\/www.delomid-sport.com\/pt\/wp-json\/wp\/v2\/types\/page"}],"author":[{"embeddable":true,"href":"https:\/\/www.delomid-sport.com\/pt\/wp-json\/wp\/v2\/users\/1"}],"replies":[{"embeddable":true,"href":"https:\/\/www.delomid-sport.com\/pt\/wp-json\/wp\/v2\/comments?post=6527"}],"version-history":[{"count":291,"href":"https:\/\/www.delomid-sport.com\/pt\/wp-json\/wp\/v2\/pages\/6527\/revisions"}],"predecessor-version":[{"id":8053,"href":"https:\/\/www.delomid-sport.com\/pt\/wp-json\/wp\/v2\/pages\/6527\/revisions\/8053"}],"wp:attachment":[{"href":"https:\/\/www.delomid-sport.com\/pt\/wp-json\/wp\/v2\/media?parent=6527"}],"curies":[{"name":"wp","href":"https:\/\/api.w.org\/{rel}","templated":true}]}}