{"id":6297,"date":"2015-02-16T23:03:01","date_gmt":"2015-02-16T23:03:01","guid":{"rendered":"http:\/\/www.delomid-sport.com\/?page_id=6297"},"modified":"2019-09-16T19:15:21","modified_gmt":"2019-09-16T19:15:21","slug":"nos-services","status":"publish","type":"page","link":"https:\/\/www.delomid-sport.com\/pt\/nos-services\/","title":{"rendered":"Os nossos servi\u00e7os"},"content":{"rendered":"<div class=\"l-submain wpb_row\"><div class=\"l-submain-h g-html i-cf\"><div class=\"g-hr type_invisible\">\n\t\t\t\t\t\t<span class=\"g-hr-h\">\n\t\t\t\t\t\t\t<i class=\"fa fa-star\"><\/i>\n\t\t\t\t\t\t<\/span>\n\t\t\t\t\t<\/div><div class=\"g-cols offset_default wpb_row\"><div class=\"one-third animate_hfc\"><div class=\"w-iconbox iconpos_left\">\n\t\t\t\t\t\t<span class=\"w-iconbox-nolink\">\n\t\t\t\t\t\t<div class=\"w-iconbox-icon\">\n\t\t\t\t\t\t\t<i class=\"fa fa-sign-in\"><\/i>\t<\/div>\n\t\t\t\t\t\t<h4 class=\"w-iconbox-title\">Coloca\u00e7\u00e3o e transfer\u00eancia do talento<\/h4>\n\t\t\t\t\t\t<\/span>\n\t\t\t\t\t\t<div class=\"w-iconbox-text\">\n\t\t\t\t\t\t\t<p>Apoiamos e compreendemos os nossos jogadores ao longo da sua evolu\u00e7\u00e3o e ajudamo-los a alcan\u00e7ar o sucesso.<\/p>\n\t\t\t\t\t\t<\/div>\n\t\t\t\t\t<\/div><div class=\"g-hr type_invisible\">\n\t\t\t\t\t\t<span class=\"g-hr-h\">\n\t\t\t\t\t\t\t<i class=\"fa fa-star\"><\/i>\n\t\t\t\t\t\t<\/span>\n\t\t\t\t\t<\/div><div class=\"w-iconbox iconpos_left\">\n\t\t\t\t\t\t<span class=\"w-iconbox-nolink\">\n\t\t\t\t\t\t<div class=\"w-iconbox-icon\">\n\t\t\t\t\t\t\t<i class=\"fa fa-star\"><\/i>\t<\/div>\n\t\t\t\t\t\t<h4 class=\"w-iconbox-title\">Monitoramento e acompanhamento personalizados ao longo da carreira<\/h4>\n\t\t\t\t\t\t<\/span>\n\t\t\t\t\t\t<div class=\"w-iconbox-text\">\n\t\t\t\t\t\t\t<p>A qualidades, motiva\u00e7\u00e3o, assim como a personalidade de cada jogador s\u00e3o consideradas de forma personalizada. A prepara\u00e7\u00e3o pr\u00e9 e p\u00f3s temporada \u00e9 tamb\u00e9m seguida pela nossa ag\u00eancia de forma individual.<\/p>\n\t\t\t\t\t\t<\/div>\n\t\t\t\t\t<\/div><div class=\"g-hr type_invisible\">\n\t\t\t\t\t\t<span class=\"g-hr-h\">\n\t\t\t\t\t\t\t<i class=\"fa fa-star\"><\/i>\n\t\t\t\t\t\t<\/span>\n\t\t\t\t\t<\/div><div class=\"w-iconbox iconpos_left\">\n\t\t\t\t\t\t<span class=\"w-iconbox-nolink\">\n\t\t\t\t\t\t<div class=\"w-iconbox-icon\">\n\t\t\t\t\t\t\t<i class=\"fa fa-bars\"><\/i>\t<\/div>\n\t\t\t\t\t\t<h4 class=\"w-iconbox-title\">Gest\u00e3o administrativa e seguros<\/h4>\n\t\t\t\t\t\t<\/span>\n\t\t\t\t\t\t<div class=\"w-iconbox-text\">\n\t\t\t\t\t\t\t<p>Gerimos todos os elementos administrativos relacionados com o jogador e trabalhamos com seguradoras a fim de proporcionar aos jogadores, seguros espec\u00edficos e adequados.<\/p>\n\t\t\t\t\t\t<\/div>\n\t\t\t\t\t<\/div><div class=\"g-hr type_invisible\">\n\t\t\t\t\t\t<span class=\"g-hr-h\">\n\t\t\t\t\t\t\t<i class=\"fa fa-star\"><\/i>\n\t\t\t\t\t\t<\/span>\n\t\t\t\t\t<\/div><div class=\"w-iconbox iconpos_left\">\n\t\t\t\t\t\t<span class=\"w-iconbox-nolink\">\n\t\t\t\t\t\t<div class=\"w-iconbox-icon\">\n\t\t\t\t\t\t\t<i class=\"fa fa-child\"><\/i>\t<\/div>\n\t\t\t\t\t\t<h4 class=\"w-iconbox-title\">Prepara\u00e7\u00e3o f\u00edsica<\/h4>\n\t\t\t\t\t\t<\/span>\n\t\t\t\t\t\t<div class=\"w-iconbox-text\">\n\t\t\t\t\t\t\t<p>Os nossos educadores e preparadores f\u00edsicos qualificados assumem o comando dos nossos talentos para proporcionarem uma aptid\u00e3o f\u00edsica ideal.<\/p>\n\t\t\t\t\t\t<\/div>\n\t\t\t\t\t<\/div><\/div><div class=\"one-third animate_aft\"><div class=\"w-iconbox iconpos_left\">\n\t\t\t\t\t\t<span class=\"w-iconbox-nolink\">\n\t\t\t\t\t\t<div class=\"w-iconbox-icon\">\n\t\t\t\t\t\t\t<i class=\"fa fa-share-alt\"><\/i>\t<\/div>\n\t\t\t\t\t\t<h4 class=\"w-iconbox-title\">Rela\u00e7\u00e3o com os clubes<\/h4>\n\t\t\t\t\t\t<\/span>\n\t\t\t\t\t\t<div class=\"w-iconbox-text\">\n\t\t\t\t\t\t\t<p>Comprometemos a transmitir, aos dirigentes do clube e treinadores, todas as informa\u00e7\u00f5es relacionadas com a evolu\u00e7\u00e3o do jogador, atrav\u00e9s dos suportes apropriados.<\/p>\n\t\t\t\t\t\t<\/div>\n\t\t\t\t\t<\/div><div class=\"g-hr type_invisible\">\n\t\t\t\t\t\t<span class=\"g-hr-h\">\n\t\t\t\t\t\t\t<i class=\"fa fa-star\"><\/i>\n\t\t\t\t\t\t<\/span>\n\t\t\t\t\t<\/div><div class=\"w-iconbox iconpos_left\">\n\t\t\t\t\t\t<span class=\"w-iconbox-nolink\">\n\t\t\t\t\t\t<div class=\"w-iconbox-icon\">\n\t\t\t\t\t\t\t<i class=\"fa fa-file-image-o\"><\/i>\t<\/div>\n\t\t\t\t\t\t<h4 class=\"w-iconbox-title\">Direito de imagem<\/h4>\n\t\t\t\t\t\t<\/span>\n\t\t\t\t\t\t<div class=\"w-iconbox-text\">\n\t\t\t\t\t\t\t<p>A nossa equipa promove a imagem dos seus talentos e garante-lhes a melhor exposi\u00e7\u00e3o medi\u00e1tica poss\u00edvel.<\/p>\n\t\t\t\t\t\t<\/div>\n\t\t\t\t\t<\/div><div class=\"g-hr type_invisible\">\n\t\t\t\t\t\t<span class=\"g-hr-h\">\n\t\t\t\t\t\t\t<i class=\"fa fa-star\"><\/i>\n\t\t\t\t\t\t<\/span>\n\t\t\t\t\t<\/div><div class=\"w-iconbox iconpos_left\">\n\t\t\t\t\t\t<span class=\"w-iconbox-nolink\">\n\t\t\t\t\t\t<div class=\"w-iconbox-icon\">\n\t\t\t\t\t\t\t<i class=\"fa fa-cog\"><\/i>\t<\/div>\n\t\t\t\t\t\t<h4 class=\"w-iconbox-title\">Treinadores (\u201ccoachs\u201d) mentais<\/h4>\n\t\t\t\t\t\t<\/span>\n\t\t\t\t\t\t<div class=\"w-iconbox-text\">\n\t\t\t\t\t\t\t<p>A ag\u00eancia assegura o apoio psicol\u00f3gico. No mundo profissional, os jogadores devem ter uma mente capaz de enfrentar as situa\u00e7\u00f5es mais complicadas. Para fazer frente a esse aspecto, os nossos treinadores mentais cuidam dos talentos ao longo de suas carreiras.<\/p>\n\t\t\t\t\t\t<\/div>\n\t\t\t\t\t<\/div><div class=\"g-hr type_invisible\">\n\t\t\t\t\t\t<span class=\"g-hr-h\">\n\t\t\t\t\t\t\t<i class=\"fa fa-star\"><\/i>\n\t\t\t\t\t\t<\/span>\n\t\t\t\t\t<\/div><\/div><div class=\"one-third animate_afb\"><div class=\"w-iconbox iconpos_left\">\n\t\t\t\t\t\t<span class=\"w-iconbox-nolink\">\n\t\t\t\t\t\t<div class=\"w-iconbox-icon\">\n\t\t\t\t\t\t\t<i class=\"fa fa-check-square-o \"><\/i>\t<\/div>\n\t\t\t\t\t\t<h4 class=\"w-iconbox-title\">Negocia\u00e7\u00e3o de contratos<\/h4>\n\t\t\t\t\t\t<\/span>\n\t\t\t\t\t\t<div class=\"w-iconbox-text\">\n\t\t\t\t\t\t\t<p>A ag\u00eancia gere os contratos de A a Z, quer se trate de contratos de trabalho como de contratos de publicidade que o joga venha a ser levado a assinar.<br \/>\nA ag\u00eancia encarrega-se tamb\u00e9m de encontrar os patrocinadores e de efectuar os contratos junto das seguradoras.<\/p>\n\t\t\t\t\t\t<\/div>\n\t\t\t\t\t<\/div><div class=\"g-hr type_invisible\">\n\t\t\t\t\t\t<span class=\"g-hr-h\">\n\t\t\t\t\t\t\t<i class=\"fa fa-star\"><\/i>\n\t\t\t\t\t\t<\/span>\n\t\t\t\t\t<\/div><div class=\"w-iconbox iconpos_left\">\n\t\t\t\t\t\t<span class=\"w-iconbox-nolink\">\n\t\t\t\t\t\t<div class=\"w-iconbox-icon\">\n\t\t\t\t\t\t\t<i class=\"fa fa-book\"><\/i>\t<\/div>\n\t\t\t\t\t\t<h4 class=\"w-iconbox-title\">Aconselhamento jur\u00eddico e fiscal<\/h4>\n\t\t\t\t\t\t<\/span>\n\t\t\t\t\t\t<div class=\"w-iconbox-text\">\n\t\t\t\t\t\t\t<p>Os jogadores t\u00eam ao seu dispor assist\u00eancia jur\u00eddica O apoio jur\u00eddico est\u00e1 tamb\u00e9m dispon\u00edvel para os jogadores. Os nossos especialistas podem aconselhar o jogador de forma optimal, se maneira a que possam garantir a si pr\u00f3prios assim como \u00e0s suas fam\u00edlias um bom futuro a longo prazo e uma reconvers\u00e3o que responda aos seus objetivos.<\/p>\n\t\t\t\t\t\t<\/div>\n\t\t\t\t\t<\/div><div class=\"g-hr type_invisible\">\n\t\t\t\t\t\t<span class=\"g-hr-h\">\n\t\t\t\t\t\t\t<i class=\"fa fa-star\"><\/i>\n\t\t\t\t\t\t<\/span>\n\t\t\t\t\t<\/div><div class=\"w-iconbox iconpos_left\">\n\t\t\t\t\t\t<span class=\"w-iconbox-nolink\">\n\t\t\t\t\t\t<div class=\"w-iconbox-icon\">\n\t\t\t\t\t\t\t<i class=\"fa fa-university\"><\/i>\t<\/div>\n\t\t\t\t\t\t<h4 class=\"w-iconbox-title\">\u201cCoaching\u201d escolar<\/h4>\n\t\t\t\t\t\t<\/span>\n\t\t\t\t\t\t<div class=\"w-iconbox-text\">\n\t\t\t\t\t\t\t<p>A metodologia especializada que leva os jovens a encontrar solu\u00e7\u00f5es pessoais para:<\/p>\n<ul>\n<li>Encontrar uma orienta\u00e7\u00e3o<\/li>\n<li>Adquirir um m\u00e9todo de trabalho<\/li>\n<li>Desenvolver a autonomia<\/li>\n<\/ul>\n<\/p>\n\t\t\t\t\t\t<\/div>\n\t\t\t\t\t<\/div><div class=\"g-hr type_invisible\">\n\t\t\t\t\t\t<span class=\"g-hr-h\">\n\t\t\t\t\t\t\t<i class=\"fa fa-star\"><\/i>\n\t\t\t\t\t\t<\/span>\n\t\t\t\t\t<\/div><\/div><\/div><div class=\"g-cols offset_default wpb_row\"><div class=\"full-width\"><\/div><\/div>\n<\/div><\/div>","protected":false},"excerpt":{"rendered":"Coloca\u00e7\u00e3o e transfer\u00eancia do talento Apoiamos e compreendemos os nossos jogadores ao longo da sua evolu\u00e7\u00e3o e ajudamo-los a alcan\u00e7ar o sucesso. Monitoramento e acompanhamento personalizados ao longo da carreira A qualidades, motiva\u00e7\u00e3o, assim como a personalidade de cada jogador...","protected":false},"author":1,"featured_media":0,"parent":0,"menu_order":0,"comment_status":"closed","ping_status":"open","template":"","meta":[],"_links":{"self":[{"href":"https:\/\/www.delomid-sport.com\/pt\/wp-json\/wp\/v2\/pages\/6297"}],"collection":[{"href":"https:\/\/www.delomid-sport.com\/pt\/wp-json\/wp\/v2\/pages"}],"about":[{"href":"https:\/\/www.delomid-sport.com\/pt\/wp-json\/wp\/v2\/types\/page"}],"author":[{"embeddable":true,"href":"https:\/\/www.delomid-sport.com\/pt\/wp-json\/wp\/v2\/users\/1"}],"replies":[{"embeddable":true,"href":"https:\/\/www.delomid-sport.com\/pt\/wp-json\/wp\/v2\/comments?post=6297"}],"version-history":[{"count":30,"href":"https:\/\/www.delomid-sport.com\/pt\/wp-json\/wp\/v2\/pages\/6297\/revisions"}],"predecessor-version":[{"id":7992,"href":"https:\/\/www.delomid-sport.com\/pt\/wp-json\/wp\/v2\/pages\/6297\/revisions\/7992"}],"wp:attachment":[{"href":"https:\/\/www.delomid-sport.com\/pt\/wp-json\/wp\/v2\/media?parent=6297"}],"curies":[{"name":"wp","href":"https:\/\/api.w.org\/{rel}","templated":true}]}}